{"id":97,"date":"2023-11-03T16:50:42","date_gmt":"2023-11-03T15:50:42","guid":{"rendered":"https:\/\/konstsmeden.se\/?page_id=97"},"modified":"2025-04-19T12:45:21","modified_gmt":"2025-04-19T10:45:21","slug":"kontakt","status":"publish","type":"page","link":"https:\/\/konstsmeden.se\/index.php\/kontakt\/","title":{"rendered":"Kontakt"},"content":{"rendered":"\n<p><strong>Lars Pettersson<\/strong><\/p>\n\n\n\n<p><strong>Mob: +46708285338<\/strong><\/p>\n\n\n\n<p><a href=\"mailto:ovarp10@gmail.com\">E-post: ovarp10@gmail.com<\/a><\/p>\n\n\n\n<p><a href=\"https:\/\/www.hitta.se\/kartan!~56.19570,13.09304,14z\/geocode!l=56.19570:13.09304\/tr!i=7o9Ztc3g\" data-type=\"link\" data-id=\"https:\/\/www.hitta.se\/kartan!~56.19570,13.09304,14z\/geocode!l=56.19570:13.09304\/tr!i=7o9Ztc3g\">Hitta hit<\/a><\/p>\n\n\n\n<ul class=\"wp-block-list\">\n<li><strong>Infart fr\u00e5n Bl\u00e4singehagev\u00e4gen<\/strong><\/li>\n<\/ul>\n\n\n\n<p>Kordinater 56.196180, 13.099198<\/p>\n","protected":false},"excerpt":{"rendered":"<p>Lars Pettersson Mob: +46708285338 E-post: ovarp10@gmail.com Hitta hit Kordinater 56.196180, 13.099198<\/p>\n","protected":false},"author":1,"featured_media":0,"parent":0,"menu_order":0,"comment_status":"closed","ping_status":"closed","template":"","meta":{"footnotes":""},"class_list":["post-97","page","type-page","status-publish","hentry"],"_links":{"self":[{"href":"https:\/\/konstsmeden.se\/index.php\/wp-json\/wp\/v2\/pages\/97","targetHints":{"allow":["GET"]}}],"collection":[{"href":"https:\/\/konstsmeden.se\/index.php\/wp-json\/wp\/v2\/pages"}],"about":[{"href":"https:\/\/konstsmeden.se\/index.php\/wp-json\/wp\/v2\/types\/page"}],"author":[{"embeddable":true,"href":"https:\/\/konstsmeden.se\/index.php\/wp-json\/wp\/v2\/users\/1"}],"replies":[{"embeddable":true,"href":"https:\/\/konstsmeden.se\/index.php\/wp-json\/wp\/v2\/comments?post=97"}],"version-history":[{"count":6,"href":"https:\/\/konstsmeden.se\/index.php\/wp-json\/wp\/v2\/pages\/97\/revisions"}],"predecessor-version":[{"id":295,"href":"https:\/\/konstsmeden.se\/index.php\/wp-json\/wp\/v2\/pages\/97\/revisions\/295"}],"wp:attachment":[{"href":"https:\/\/konstsmeden.se\/index.php\/wp-json\/wp\/v2\/media?parent=97"}],"curies":[{"name":"wp","href":"https:\/\/api.w.org\/{rel}","templated":true}]}}