{"id":90,"date":"2023-11-03T16:19:58","date_gmt":"2023-11-03T15:19:58","guid":{"rendered":"https:\/\/konstsmeden.se\/?page_id=90"},"modified":"2026-02-23T09:35:11","modified_gmt":"2026-02-23T08:35:11","slug":"biografi-lars-pettersson","status":"publish","type":"page","link":"https:\/\/konstsmeden.se\/index.php\/biografi-lars-pettersson\/","title":{"rendered":"Biografi Lars Pettersson"},"content":{"rendered":"\n<p><strong>Lars Pettersson &#8211; Konstsmide:<\/strong><\/p>\n\n\n\n<p><strong>Personlig Information:<\/strong><\/p>\n\n\n\n<ul class=\"wp-block-list\">\n<li><strong>Fullst\u00e4ndigt Namn:<\/strong> Lars Pettersson<\/li>\n\n\n\n<li><strong>F\u00f6delsedatum:<\/strong> 1947<\/li>\n\n\n\n<li><strong>F\u00f6delseort:<\/strong> Lund, Sverige<\/li>\n\n\n\n<li><strong>Nuvarande Bostad:<\/strong> \u00d6stra Ljungby, Sverige<\/li>\n\n\n\n<li><strong>Yrke:<\/strong> Konstsmed och Konstn\u00e4r<\/li>\n\n\n\n<li><strong>Medlemskap:<\/strong> Nordv\u00e4stra Sk\u00e5nes Konstn\u00e4rsf\u00f6rening sedan 2003<\/li>\n<\/ul>\n\n\n\n<p><strong>Biografi:<\/strong> Lars Pettersson \u00e4r en v\u00e4lrenommerad konstsmed och konstn\u00e4r f\u00f6dd i Lund, Sverige, \u00e5r 1947. Han bor f\u00f6r n\u00e4rvarande i \u00d6stra Ljungby, d\u00e4r han driver sin smidesverkstad. Med en passion f\u00f6r konsten att smida har Lars finslipat sitt hantverk genom olika erfarenheter och utbildningsv\u00e4gar.<\/p>\n\n\n\n<p>Lars erh\u00f6ll sin utbildning inom omr\u00e5det smideskonst fr\u00e5n olika smidesverkst\u00e4der, vilket lade grunden f\u00f6r hans konstn\u00e4rliga resa. Hans dedikation till hantverket ledde honom till att bli l\u00e4rare i smideskonst vid Folkuniversitetet p\u00e5 Hantverkstan Sofiero \u00e5r 1992. Han har fortsatt att dela med sig av sin expertis inom estetisk metallkonst som l\u00e4rare vid Jakobsskolan i H\u00e4ssleholm sedan \u00e5r 2001.<\/p>\n\n\n\n<p>Lars Petterssons konstn\u00e4rliga talang och skicklighet har blivit visat upp i m\u00e5nga utst\u00e4llningar under hela hans karri\u00e4r. Noterbara separatutst\u00e4llningar inkluderar presentationer i Hiller\u00f6d, Danmark \u00e5r 1999, p\u00e5 statliga galleriet Kierat i Stettin, Polen, \u00e5r 2001 och utst\u00e4llningar p\u00e5 Isgalleriet i Jukkasj\u00e4rvi och Galleri SolL\u00e5ng i Vejbystrand \u00e5r 2002.<\/p>\n\n\n\n<p>Ut\u00f6ver sina separatutst\u00e4llningar har Lars medverkat i flera samlingsutst\u00e4llningar, b\u00f6rjande med Gissl\u00f6vs smidesmuseum, \u00e5r 1997 och Liljevalchs i Stockholm \u00e5r 1998. Hans verk har ocks\u00e5 visats upp i samarbete med Region Sk\u00e5ne p\u00e5 olika platser i Polen \u00e5r 2000, samt p\u00e5 Landskrona Museum \u00e5r 2002 och Sverige-Polen p\u00e5 Regionhuset i Kristianstad \u00e4ven \u00e5r 2002.<\/p>\n\n\n\n<p>Lars Petterssons konstn\u00e4rliga bidrag str\u00e4cker sig bortom utst\u00e4llningar, d\u00e5 han har varit involverad i offentliga konstprojekt. Han bidrog bland annat till utsmyckningen av Allerums kyrka \u00e5r 1998, den ikoniska Iskyrkan i Jukkasj\u00e4rvi \u00e5r 2002 och \u00d6ssj\u00f6 skola i \u00c4ngelholm \u00e5r 2004.<\/p>\n\n\n\n<p>Lars Petterssons h\u00e4ngivenhet till konsten och hans engagemang f\u00f6r smideshantverket har gjort honom till en respekterad gestalt inom konstgemenskapen. Som medlem av Nordv\u00e4stra Sk\u00e5nes Konstn\u00e4rsf\u00f6rening sedan \u00e5r 2003 forts\u00e4tter han att inspirera och bidra till konst- och metallv\u00e4rlden.<\/p>\n\n\n\n<p><strong>Separatutst\u00e4llningar:<\/strong><\/p>\n\n\n\n<ol class=\"wp-block-list\">\n<li>Hiller\u00f6d, Danmark &#8211; 1999<\/li>\n\n\n\n<li>Statliga galleriet Kierat, Stettin, Polen &#8211; 2001<\/li>\n\n\n\n<li>Isgalleriet, Jukkasj\u00e4rvi &#8211; 2002<\/li>\n\n\n\n<li>Galleri SolL\u00e5ng, Vejbystrand &#8211; 2002<\/li>\n<\/ol>\n\n\n\n<p><strong>Samlingsutst\u00e4llningar:<\/strong><\/p>\n\n\n\n<ol class=\"wp-block-list\">\n<li>Gissl\u00f6vs smidesmuseum, 1997<\/li>\n\n\n\n<li>Liljevalchs, Stockholm &#8211; 1998<\/li>\n\n\n\n<li>Region Sk\u00e5ne utst\u00e4llningar i olika st\u00e4der i Polen &#8211; 2000<\/li>\n\n\n\n<li>Landskrona Museum &#8211; 2002<\/li>\n\n\n\n<li>Sverige-Polen p\u00e5 Regionhuset i Kristianstad &#8211; 2002<\/li>\n\n\n\n<li>Konsthallen Klippan Samlingsutst\u00e4llning &#8211; 2016<\/li>\n\n\n\n<li>Tyringe Konsthall &#8211; 2019<\/li>\n\n\n\n<li>\u00d6rkelljunga konsthall 2021<\/li>\n\n\n\n<li>Jubileumsutst\u00e4llning Klippans Konsthall 2024<\/li>\n\n\n\n<li>B\u00e5stad Bj\u00e4re Konstf\u00f6rening Konsthall  2026<\/li>\n<\/ol>\n\n\n\n<p><strong>Offentlig utsmyckning:<\/strong><\/p>\n\n\n\n<ol class=\"wp-block-list\">\n<li>Allerums kyrka &#8211; 1998<\/li>\n\n\n\n<li>Iskyrkan, Jukkasj\u00e4rvi &#8211; 2002<\/li>\n\n\n\n<li>\u00d6ssj\u00f6 skola, \u00c4ngelholm &#8211; 2004<\/li>\n\n\n\n<li>Klippans Kommun 2024<\/li>\n<\/ol>\n\n\n\n<p><\/p>\n","protected":false},"excerpt":{"rendered":"<p>Lars Pettersson &#8211; Konstsmide: Personlig Information: Biografi: Lars Pettersson \u00e4r en v\u00e4lrenommerad konstsmed och konstn\u00e4r f\u00f6dd i Lund, Sverige, \u00e5r 1947. Han bor f\u00f6r n\u00e4rvarande i \u00d6stra Ljungby, d\u00e4r han driver sin smidesverkstad. Med en passion f\u00f6r konsten att smida har Lars finslipat sitt hantverk genom olika erfarenheter och utbildningsv\u00e4gar. Lars erh\u00f6ll sin utbildning inom [&hellip;]<\/p>\n","protected":false},"author":1,"featured_media":0,"parent":0,"menu_order":0,"comment_status":"closed","ping_status":"closed","template":"","meta":{"footnotes":""},"class_list":["post-90","page","type-page","status-publish","hentry"],"_links":{"self":[{"href":"https:\/\/konstsmeden.se\/index.php\/wp-json\/wp\/v2\/pages\/90","targetHints":{"allow":["GET"]}}],"collection":[{"href":"https:\/\/konstsmeden.se\/index.php\/wp-json\/wp\/v2\/pages"}],"about":[{"href":"https:\/\/konstsmeden.se\/index.php\/wp-json\/wp\/v2\/types\/page"}],"author":[{"embeddable":true,"href":"https:\/\/konstsmeden.se\/index.php\/wp-json\/wp\/v2\/users\/1"}],"replies":[{"embeddable":true,"href":"https:\/\/konstsmeden.se\/index.php\/wp-json\/wp\/v2\/comments?post=90"}],"version-history":[{"count":20,"href":"https:\/\/konstsmeden.se\/index.php\/wp-json\/wp\/v2\/pages\/90\/revisions"}],"predecessor-version":[{"id":423,"href":"https:\/\/konstsmeden.se\/index.php\/wp-json\/wp\/v2\/pages\/90\/revisions\/423"}],"wp:attachment":[{"href":"https:\/\/konstsmeden.se\/index.php\/wp-json\/wp\/v2\/media?parent=90"}],"curies":[{"name":"wp","href":"https:\/\/api.w.org\/{rel}","templated":true}]}}